{"id":8,"date":"2017-03-20T09:59:45","date_gmt":"2017-03-20T09:59:45","guid":{"rendered":"http:\/\/localhost\/?page_id=6"},"modified":"2017-08-26T10:31:36","modified_gmt":"2017-08-26T10:31:36","slug":"ferdir","status":"publish","type":"page","link":"https:\/\/icebreaker.is\/index.php\/ferdir\/","title":{"rendered":"Tours"},"content":{"rendered":"<p>fer\u00f0ir \u00ed bo\u00f0i<\/p>\n","protected":false},"excerpt":{"rendered":"<p>fer\u00f0ir \u00ed bo\u00f0i<\/p>\n","protected":false},"author":2,"featured_media":0,"parent":0,"menu_order":0,"comment_status":"closed","ping_status":"closed","template":"","meta":[],"_links":{"self":[{"href":"https:\/\/icebreaker.is\/index.php\/wp-json\/wp\/v2\/pages\/8"}],"collection":[{"href":"https:\/\/icebreaker.is\/index.php\/wp-json\/wp\/v2\/pages"}],"about":[{"href":"https:\/\/icebreaker.is\/index.php\/wp-json\/wp\/v2\/types\/page"}],"author":[{"embeddable":true,"href":"https:\/\/icebreaker.is\/index.php\/wp-json\/wp\/v2\/users\/2"}],"replies":[{"embeddable":true,"href":"https:\/\/icebreaker.is\/index.php\/wp-json\/wp\/v2\/comments?post=8"}],"version-history":[{"count":1,"href":"https:\/\/icebreaker.is\/index.php\/wp-json\/wp\/v2\/pages\/8\/revisions"}],"predecessor-version":[{"id":168,"href":"https:\/\/icebreaker.is\/index.php\/wp-json\/wp\/v2\/pages\/8\/revisions\/168"}],"wp:attachment":[{"href":"https:\/\/icebreaker.is\/index.php\/wp-json\/wp\/v2\/media?parent=8"}],"curies":[{"name":"wp","href":"https:\/\/api.w.org\/{rel}","templated":true}]}}